{"id":310,"date":"2025-10-06T11:39:16","date_gmt":"2025-10-06T11:39:16","guid":{"rendered":"https:\/\/vana.kurrospa.ee\/privaatsuspoliitika\/"},"modified":"2025-11-19T16:22:56","modified_gmt":"2025-11-19T16:22:56","slug":"privacy-policy","status":"publish","type":"page","link":"https:\/\/vana.kurrospa.ee\/en\/privacy-policy\/","title":{"rendered":"Privacy policy"},"content":{"rendered":"\n<div class=\"wp-block-cover alignfull\"><img loading=\"lazy\" decoding=\"async\" width=\"2560\" height=\"1707\" class=\"wp-block-cover__image-background wp-image-101 size-full\" alt=\"\" src=\"https:\/\/vana.kurrospa.ee\/wp-content\/uploads\/2025\/10\/metsa_veede-scaled.jpg\" data-object-fit=\"cover\" srcset=\"https:\/\/vana.kurrospa.ee\/wp-content\/uploads\/2025\/10\/metsa_veede-scaled.jpg 2560w, https:\/\/vana.kurrospa.ee\/wp-content\/uploads\/2025\/10\/metsa_veede-300x200.jpg 300w, https:\/\/vana.kurrospa.ee\/wp-content\/uploads\/2025\/10\/metsa_veede-1024x683.jpg 1024w, https:\/\/vana.kurrospa.ee\/wp-content\/uploads\/2025\/10\/metsa_veede-768x512.jpg 768w, https:\/\/vana.kurrospa.ee\/wp-content\/uploads\/2025\/10\/metsa_veede-1536x1024.jpg 1536w, https:\/\/vana.kurrospa.ee\/wp-content\/uploads\/2025\/10\/metsa_veede-2048x1365.jpg 2048w, https:\/\/vana.kurrospa.ee\/wp-content\/uploads\/2025\/10\/metsa_veede-1568x1045.jpg 1568w\" sizes=\"auto, (max-width: 2560px) 100vw, 2560px\" \/><span aria-hidden=\"true\" class=\"wp-block-cover__background has-background-dim-0 has-background-dim\" style=\"background-color:#4b4c54\"><\/span><div class=\"wp-block-cover__inner-container is-layout-constrained wp-block-cover-is-layout-constrained\">\n<p class=\"has-text-align-center has-large-font-size\"><\/p>\n<\/div><\/div>\n\n\n\n<div style=\"height:30px\" aria-hidden=\"true\" class=\"wp-block-spacer\"><\/div>\n\n\n\n<h1 class=\"wp-block-heading has-text-align-center has-darkbrown-color has-text-color has-link-color wp-elements-d10d52b61b7a76f295f6b1007eccb28a\">Privacy Policy<\/h1>\n\n\n\n<h2 class=\"wp-block-heading\">1. Data Processing Principles<\/h2>\n\n\n\n<p>1.1. Privacy policy applies to the Kurro loodusspaa website user<\/p>\n\n\n\n<p>Our company processes your personal information only to provide you with services. We do not transmit, sell or disclose your data to third parties without your prior consent unless this is required by law.<\/p>\n\n\n\n<h3 class=\"wp-block-heading\">Data<\/h3>\n\n\n\n<p><strong>Data collection upon filling forms:<\/strong><br><br>1.2. Data provided by the Clients is categorised as either required or optional information.<br>1.2.1. Name &#8211; required to complete and confirm newsletter request;<br>1.2.2. E-mail address \u2015 required to complete and confirm bookings and, if necessary, to submit invoices;<\/p>\n\n\n\n<p><strong>The following data must be provided by the Customer:<\/strong><br><br>1.3. Providing an email address is mandatory for email subscription.<br>1.3.1. By giving separate consent for data transmission, the Customer agrees to the use of their contact details for direct marketing purposes, i.e., receiving marketing announcements using the provided contact information.<br>1.3.2. The Customer has the right to opt-out of receiving direct marketing announcements at any time. Instructions for opting out of commercial announcements are provided with each commercial announcement.<br>1.3.3. The responsible data controller for the Customer\u2019s data is Loodusspaahotell O\u00dc, M\u00e4nniku tee 1, Uusk\u00fcla<br>Alutaguse Vald, Ida-Viru Maakond 41006<\/p>\n\n\n\n<p><strong><strong><strong>Data Retention Period<\/strong><\/strong><\/strong>:<br><br>1.4. Kurro Spa retains data for as long as necessary to achieve the purpose of data usage or until the expiration of the statutory limitation periods and the statutory document retention period (according to the Value Added Tax Act and the Accounting Act, 7 years).<\/p>\n\n\n\n<p><strong><strong><strong>Customer Rights regarding Data Usage<\/strong><\/strong><\/strong>:<\/p>\n\n\n\n<p>1.5. The Customer has the right to receive information from Kurro loodusspaa about the usage of their data in accordance with the law and within the scope provided.<br>1.6. The Customer has the right to request Kurro loodusspaa to cease the usage of their data and to correct, close, or delete the data.<br>1.7. The Customer has the right to consent or object to the usage of their data for direct marketing or marketing purposes.<br>1.8. he Customer has the right to address the Data Protection Inspectorate and the court for the protection of their rights.<br>1.9. For any questions regarding personal data, you have the right to send an email to&nbsp;<a href=\"mailto:killu.maidla@loodusspaahotell.ee\" target=\"_blank\" rel=\"noreferrer noopener\">killu.maidla@loodusspaahotell.ee<\/a>.<\/p>\n\n\n\n<h2 class=\"wp-block-heading\">2. Cookie Usage Policy<\/h2>\n\n\n\n<p><strong>Usage of cookies<\/strong>:<\/p>\n\n\n\n<p>2.1. To enhance user experience, Kurro loodusspaa websites use cookies. <br>2.2. Domains belonging to Kurro loodusspaa may contain elements that store cookies on behalf of third parties.<\/p>\n\n\n\n<p><strong><strong>Refusal of Cookies<\/strong><\/strong>:<\/p>\n\n\n\n<p>2.3. Users have the right to refuse the storage of cookies on their computer. To do so, the User must adjust their web browser settings accordingly.<\/p>\n\n\n\n<p>2.4. Different web browsers use various methods to disable cookies. More detailed information is available on the website <a href=\"https:\/\/www.allaboutcookies.org\/\" target=\"_blank\" rel=\"noreferrer noopener\">https:\/\/www.allaboutcookies.org\/<\/a>.<\/p>\n\n\n\n<p>2.5. When blocking cookies, Users should be aware that certain website functions may no longer be accessible to them.<\/p>\n\n\n\n<p><strong><strong>What is a Cookie?<\/strong><\/strong><\/p>\n\n\n\n<p>2.6. A cookie is a text file sent to and stored on the User\u2019s computer by websites they visit. Cookies are saved in the User\u2019s web browser\u2019s file directory. If the User has visited the website before, the web browser reads the cookie and transmits the corresponding information to the website or element that originally stored the cookie. Additional information about cookies is available on the website <a href=\"https:\/\/www.allaboutcookies.org\/\">https:\/\/www.allaboutcookies.org\/<\/a>.<\/p>\n\n\n\n<p>2.7. Cookies allow tracking website usage statistics, popular sections, and other actions performed on the website. Information obtained from cookies is used to improve the usability and content of the website.<\/p>\n\n\n\n<p><strong>Types of Cookies Used on the Website<\/strong>:<\/p>\n\n\n\n<p>2.8. Persistent cookies are essential for navigating the website and using its features. Without persistent cookies, Users would not be able to access all website functions.<\/p>\n\n\n\n<p>2.9. Session cookies allow the website to remember the User\u2019s previous choices (e.g., username, language preference, etc.), thereby providing more efficient and personalized features.<\/p>\n\n\n\n<p>2.10. Tracking cookies gather data about the User\u2019s behavior on the website. Information from tracking cookies helps enhance the website\u2019s usability.<\/p>\n\n\n\n<p><\/p>\n","protected":false},"excerpt":{"rendered":"<p>Privacy Policy 1. Data Processing Principles 1.1. Privacy policy applies to the Kurro loodusspaa website user Our company processes your personal information only to provide you with services. We do not transmit, sell or disclose your data to third parties without your prior consent unless this is required by law. Data Data collection upon filling [&hellip;]<\/p>\n","protected":false},"author":1,"featured_media":0,"parent":0,"menu_order":0,"comment_status":"closed","ping_status":"closed","template":"","meta":{"footnotes":""},"class_list":["post-310","page","type-page","status-publish","hentry"],"yoast_head":"<!-- This site is optimized with the Yoast SEO plugin v26.6 - https:\/\/yoast.com\/wordpress\/plugins\/seo\/ -->\n<title>Privacy policy - Kurro Natur Spa<\/title>\n<meta name=\"robots\" content=\"index, follow, max-snippet:-1, max-image-preview:large, max-video-preview:-1\" \/>\n<link rel=\"canonical\" href=\"https:\/\/vana.kurrospa.ee\/en\/privacy-policy\/\" \/>\n<meta property=\"og:locale\" content=\"en_US\" \/>\n<meta property=\"og:type\" content=\"article\" \/>\n<meta property=\"og:title\" content=\"Privacy policy - Kurro Natur Spa\" \/>\n<meta property=\"og:description\" content=\"Privacy Policy 1. Data Processing Principles 1.1. Privacy policy applies to the Kurro loodusspaa website user Our company processes your personal information only to provide you with services. We do not transmit, sell or disclose your data to third parties without your prior consent unless this is required by law. Data Data collection upon filling [&hellip;]\" \/>\n<meta property=\"og:url\" content=\"https:\/\/vana.kurrospa.ee\/en\/privacy-policy\/\" \/>\n<meta property=\"og:site_name\" content=\"Kurro Natur Spa\" \/>\n<meta property=\"article:modified_time\" content=\"2025-11-19T16:22:56+00:00\" \/>\n<meta property=\"og:image\" content=\"https:\/\/vana.kurrospa.ee\/wp-content\/uploads\/2025\/10\/metsa_veede-scaled.jpg\" \/>\n\t<meta property=\"og:image:width\" content=\"2560\" \/>\n\t<meta property=\"og:image:height\" content=\"1707\" \/>\n\t<meta property=\"og:image:type\" content=\"image\/jpeg\" \/>\n<meta name=\"twitter:card\" content=\"summary_large_image\" \/>\n<meta name=\"twitter:label1\" content=\"Est. reading time\" \/>\n\t<meta name=\"twitter:data1\" content=\"4 minutes\" \/>\n<script type=\"application\/ld+json\" class=\"yoast-schema-graph\">{\"@context\":\"https:\/\/schema.org\",\"@graph\":[{\"@type\":\"WebPage\",\"@id\":\"https:\/\/vana.kurrospa.ee\/en\/privacy-policy\/\",\"url\":\"https:\/\/vana.kurrospa.ee\/en\/privacy-policy\/\",\"name\":\"Privacy policy - Kurro Natur Spa\",\"isPartOf\":{\"@id\":\"https:\/\/vana.kurrospa.ee\/#website\"},\"primaryImageOfPage\":{\"@id\":\"https:\/\/vana.kurrospa.ee\/en\/privacy-policy\/#primaryimage\"},\"image\":{\"@id\":\"https:\/\/vana.kurrospa.ee\/en\/privacy-policy\/#primaryimage\"},\"thumbnailUrl\":\"https:\/\/vana.kurrospa.ee\/wp-content\/uploads\/2025\/10\/metsa_veede-scaled.jpg\",\"datePublished\":\"2025-10-06T11:39:16+00:00\",\"dateModified\":\"2025-11-19T16:22:56+00:00\",\"breadcrumb\":{\"@id\":\"https:\/\/vana.kurrospa.ee\/en\/privacy-policy\/#breadcrumb\"},\"inLanguage\":\"en-US\",\"potentialAction\":[{\"@type\":\"ReadAction\",\"target\":[\"https:\/\/vana.kurrospa.ee\/en\/privacy-policy\/\"]}]},{\"@type\":\"ImageObject\",\"inLanguage\":\"en-US\",\"@id\":\"https:\/\/vana.kurrospa.ee\/en\/privacy-policy\/#primaryimage\",\"url\":\"https:\/\/vana.kurrospa.ee\/wp-content\/uploads\/2025\/10\/metsa_veede-scaled.jpg\",\"contentUrl\":\"https:\/\/vana.kurrospa.ee\/wp-content\/uploads\/2025\/10\/metsa_veede-scaled.jpg\"},{\"@type\":\"BreadcrumbList\",\"@id\":\"https:\/\/vana.kurrospa.ee\/en\/privacy-policy\/#breadcrumb\",\"itemListElement\":[{\"@type\":\"ListItem\",\"position\":1,\"name\":\"Home\",\"item\":\"https:\/\/vana.kurrospa.ee\/en\/\"},{\"@type\":\"ListItem\",\"position\":2,\"name\":\"Privacy policy\"}]},{\"@type\":\"WebSite\",\"@id\":\"https:\/\/vana.kurrospa.ee\/#website\",\"url\":\"https:\/\/vana.kurrospa.ee\/\",\"name\":\"Kurro Natur Spa\",\"description\":\"Kurro spaahotell Peipsi j&auml;ve &auml;&auml;res\",\"potentialAction\":[{\"@type\":\"SearchAction\",\"target\":{\"@type\":\"EntryPoint\",\"urlTemplate\":\"https:\/\/vana.kurrospa.ee\/?s={search_term_string}\"},\"query-input\":{\"@type\":\"PropertyValueSpecification\",\"valueRequired\":true,\"valueName\":\"search_term_string\"}}],\"inLanguage\":\"en-US\"}]}<\/script>\n<!-- \/ Yoast SEO plugin. -->","yoast_head_json":{"title":"Privacy policy - Kurro Natur Spa","robots":{"index":"index","follow":"follow","max-snippet":"max-snippet:-1","max-image-preview":"max-image-preview:large","max-video-preview":"max-video-preview:-1"},"canonical":"https:\/\/vana.kurrospa.ee\/en\/privacy-policy\/","og_locale":"en_US","og_type":"article","og_title":"Privacy policy - Kurro Natur Spa","og_description":"Privacy Policy 1. Data Processing Principles 1.1. Privacy policy applies to the Kurro loodusspaa website user Our company processes your personal information only to provide you with services. We do not transmit, sell or disclose your data to third parties without your prior consent unless this is required by law. Data Data collection upon filling [&hellip;]","og_url":"https:\/\/vana.kurrospa.ee\/en\/privacy-policy\/","og_site_name":"Kurro Natur Spa","article_modified_time":"2025-11-19T16:22:56+00:00","og_image":[{"width":2560,"height":1707,"url":"https:\/\/vana.kurrospa.ee\/wp-content\/uploads\/2025\/10\/metsa_veede-scaled.jpg","type":"image\/jpeg"}],"twitter_card":"summary_large_image","twitter_misc":{"Est. reading time":"4 minutes"},"schema":{"@context":"https:\/\/schema.org","@graph":[{"@type":"WebPage","@id":"https:\/\/vana.kurrospa.ee\/en\/privacy-policy\/","url":"https:\/\/vana.kurrospa.ee\/en\/privacy-policy\/","name":"Privacy policy - Kurro Natur Spa","isPartOf":{"@id":"https:\/\/vana.kurrospa.ee\/#website"},"primaryImageOfPage":{"@id":"https:\/\/vana.kurrospa.ee\/en\/privacy-policy\/#primaryimage"},"image":{"@id":"https:\/\/vana.kurrospa.ee\/en\/privacy-policy\/#primaryimage"},"thumbnailUrl":"https:\/\/vana.kurrospa.ee\/wp-content\/uploads\/2025\/10\/metsa_veede-scaled.jpg","datePublished":"2025-10-06T11:39:16+00:00","dateModified":"2025-11-19T16:22:56+00:00","breadcrumb":{"@id":"https:\/\/vana.kurrospa.ee\/en\/privacy-policy\/#breadcrumb"},"inLanguage":"en-US","potentialAction":[{"@type":"ReadAction","target":["https:\/\/vana.kurrospa.ee\/en\/privacy-policy\/"]}]},{"@type":"ImageObject","inLanguage":"en-US","@id":"https:\/\/vana.kurrospa.ee\/en\/privacy-policy\/#primaryimage","url":"https:\/\/vana.kurrospa.ee\/wp-content\/uploads\/2025\/10\/metsa_veede-scaled.jpg","contentUrl":"https:\/\/vana.kurrospa.ee\/wp-content\/uploads\/2025\/10\/metsa_veede-scaled.jpg"},{"@type":"BreadcrumbList","@id":"https:\/\/vana.kurrospa.ee\/en\/privacy-policy\/#breadcrumb","itemListElement":[{"@type":"ListItem","position":1,"name":"Home","item":"https:\/\/vana.kurrospa.ee\/en\/"},{"@type":"ListItem","position":2,"name":"Privacy policy"}]},{"@type":"WebSite","@id":"https:\/\/vana.kurrospa.ee\/#website","url":"https:\/\/vana.kurrospa.ee\/","name":"Kurro Natur Spa","description":"Kurro spaahotell Peipsi j&auml;ve &auml;&auml;res","potentialAction":[{"@type":"SearchAction","target":{"@type":"EntryPoint","urlTemplate":"https:\/\/vana.kurrospa.ee\/?s={search_term_string}"},"query-input":{"@type":"PropertyValueSpecification","valueRequired":true,"valueName":"search_term_string"}}],"inLanguage":"en-US"}]}},"_links":{"self":[{"href":"https:\/\/vana.kurrospa.ee\/en\/wp-json\/wp\/v2\/pages\/310","targetHints":{"allow":["GET"]}}],"collection":[{"href":"https:\/\/vana.kurrospa.ee\/en\/wp-json\/wp\/v2\/pages"}],"about":[{"href":"https:\/\/vana.kurrospa.ee\/en\/wp-json\/wp\/v2\/types\/page"}],"author":[{"embeddable":true,"href":"https:\/\/vana.kurrospa.ee\/en\/wp-json\/wp\/v2\/users\/1"}],"replies":[{"embeddable":true,"href":"https:\/\/vana.kurrospa.ee\/en\/wp-json\/wp\/v2\/comments?post=310"}],"version-history":[{"count":6,"href":"https:\/\/vana.kurrospa.ee\/en\/wp-json\/wp\/v2\/pages\/310\/revisions"}],"predecessor-version":[{"id":372,"href":"https:\/\/vana.kurrospa.ee\/en\/wp-json\/wp\/v2\/pages\/310\/revisions\/372"}],"wp:attachment":[{"href":"https:\/\/vana.kurrospa.ee\/en\/wp-json\/wp\/v2\/media?parent=310"}],"curies":[{"name":"wp","href":"https:\/\/api.w.org\/{rel}","templated":true}]}}